{"id":61,"date":"2020-09-16T05:16:09","date_gmt":"2020-09-16T05:16:09","guid":{"rendered":"http:\/\/ethernet.com.mx\/?page_id=61"},"modified":"2022-03-29T10:06:08","modified_gmt":"2022-03-29T16:06:08","slug":"home","status":"publish","type":"page","link":"https:\/\/ethernet.com.mx\/","title":{"rendered":"Home"},"content":{"rendered":"\n<div class=\"wp-block-cover alignfull is-light has-parallax\" style=\"background-image:url(http:\/\/ethernet.com.mx\/wp-content\/uploads\/2022\/01\/pexels-photo-853151-scaled.jpeg);min-height:100vh;aspect-ratio:unset;\"><span aria-hidden=\"true\" class=\"has-ast-global-color-1-background-color has-background-dim-40 wp-block-cover__gradient-background has-background-dim\"><\/span><div class=\"wp-block-cover__inner-container is-layout-flow wp-block-cover-is-layout-flow\">\n<div class=\"wp-block-group is-layout-flow wp-block-group-is-layout-flow\">\n<div class=\"wp-block-columns are-vertically-aligned-center is-layout-flex wp-container-core-columns-is-layout-28f84493 wp-block-columns-is-layout-flex\">\n<div class=\"wp-block-column is-vertically-aligned-center is-layout-flow wp-block-column-is-layout-flow\">\n<h1 class=\"has-white-color has-text-color wp-block-heading\" id=\"tecnologia-para-todos\">Tecnolog\u00eda para Todos!<\/h1>\n\n\n\n<h3 class=\"has-white-color has-text-color wp-block-heading\" id=\"15-descuento-en-todos-los-productos\">15% Descuento en todos los productos<\/h3>\n\n\n\n<div class=\"wp-block-buttons is-layout-flex wp-block-buttons-is-layout-flex\">\n<div class=\"wp-block-button\"><a class=\"wp-block-button__link\" href=\"https:\/\/ethernet.com.mx\/?page_id=1218\">Comprar<\/a><\/div>\n\n\n\n<div class=\"wp-block-button is-style-fill\"><a class=\"wp-block-button__link has-ast-global-color-3-color has-ast-global-color-5-background-color has-text-color has-background\">explorar +<\/a><\/div>\n<\/div>\n<\/div>\n\n\n\n<div class=\"wp-block-column is-vertically-aligned-center is-layout-flow wp-block-column-is-layout-flow\"><\/div>\n<\/div>\n<\/div>\n<\/div><\/div>\n\n\n\n<div class=\"wp-block-group alignfull is-layout-flow wp-block-group-is-layout-flow\">\n<figure class=\"wp-block-gallery aligncenter has-nested-images columns-5 wp-block-gallery-1 is-layout-flex wp-block-gallery-is-layout-flex\">\n<figure class=\"wp-block-image size-full\"><img loading=\"lazy\" decoding=\"async\" width=\"400\" height=\"200\" data-id=\"1440\" src=\"http:\/\/ethernet.com.mx\/wp-content\/uploads\/2022\/01\/logo-cisco-on.png\" alt=\"\" class=\"wp-image-1440\" srcset=\"https:\/\/ethernet.com.mx\/wp-content\/uploads\/2022\/01\/logo-cisco-on.png 400w, https:\/\/ethernet.com.mx\/wp-content\/uploads\/2022\/01\/logo-cisco-on-300x150.png 300w\" sizes=\"auto, (max-width: 400px) 100vw, 400px\" \/><\/figure>\n\n\n\n<figure class=\"wp-block-image size-full\"><img loading=\"lazy\" decoding=\"async\" width=\"318\" height=\"159\" data-id=\"1437\" src=\"http:\/\/ethernet.com.mx\/wp-content\/uploads\/2022\/01\/hpx.png\" alt=\"\" class=\"wp-image-1437\" srcset=\"https:\/\/ethernet.com.mx\/wp-content\/uploads\/2022\/01\/hpx.png 318w, https:\/\/ethernet.com.mx\/wp-content\/uploads\/2022\/01\/hpx-300x150.png 300w\" sizes=\"auto, (max-width: 318px) 100vw, 318px\" \/><\/figure>\n\n\n\n<figure class=\"wp-block-image size-full\"><img loading=\"lazy\" decoding=\"async\" width=\"318\" height=\"159\" data-id=\"1436\" src=\"http:\/\/ethernet.com.mx\/wp-content\/uploads\/2022\/01\/Microx.png\" alt=\"\" class=\"wp-image-1436\" srcset=\"https:\/\/ethernet.com.mx\/wp-content\/uploads\/2022\/01\/Microx.png 318w, https:\/\/ethernet.com.mx\/wp-content\/uploads\/2022\/01\/Microx-300x150.png 300w\" sizes=\"auto, (max-width: 318px) 100vw, 318px\" \/><\/figure>\n\n\n\n<figure class=\"wp-block-image size-full\"><img loading=\"lazy\" decoding=\"async\" width=\"400\" height=\"200\" data-id=\"1439\" src=\"http:\/\/ethernet.com.mx\/wp-content\/uploads\/2022\/01\/hikvisionx.png\" alt=\"\" class=\"wp-image-1439\" srcset=\"https:\/\/ethernet.com.mx\/wp-content\/uploads\/2022\/01\/hikvisionx.png 400w, https:\/\/ethernet.com.mx\/wp-content\/uploads\/2022\/01\/hikvisionx-300x150.png 300w\" sizes=\"auto, (max-width: 400px) 100vw, 400px\" \/><\/figure>\n\n\n\n<figure class=\"wp-block-image size-full\"><img loading=\"lazy\" decoding=\"async\" width=\"400\" height=\"200\" data-id=\"1438\" src=\"http:\/\/ethernet.com.mx\/wp-content\/uploads\/2022\/01\/Dellx.png\" alt=\"\" class=\"wp-image-1438\" srcset=\"https:\/\/ethernet.com.mx\/wp-content\/uploads\/2022\/01\/Dellx.png 400w, https:\/\/ethernet.com.mx\/wp-content\/uploads\/2022\/01\/Dellx-300x150.png 300w\" sizes=\"auto, (max-width: 400px) 100vw, 400px\" \/><\/figure>\n<\/figure>\n\n\n\n<div class=\"wp-block-columns alignwide are-vertically-aligned-center is-layout-flex wp-container-core-columns-is-layout-28f84493 wp-block-columns-is-layout-flex\">\n<div class=\"wp-block-column is-vertically-aligned-center is-layout-flow wp-block-column-is-layout-flow\">\n<div class=\"wp-block-cover is-light\" style=\"min-height:400px;aspect-ratio:unset;\"><span aria-hidden=\"true\" class=\"has-background-dim-40 wp-block-cover__gradient-background has-background-dim\" style=\"background-color:#000000\"><\/span><img loading=\"lazy\" decoding=\"async\" width=\"320\" height=\"479\" class=\"wp-block-cover__image-background wp-image-1442\" alt=\"\" src=\"http:\/\/ethernet.com.mx\/wp-content\/uploads\/2022\/01\/pexels-julia-m-cameron-4144174-1.jpg\" data-object-fit=\"cover\" srcset=\"https:\/\/ethernet.com.mx\/wp-content\/uploads\/2022\/01\/pexels-julia-m-cameron-4144174-1.jpg 320w, https:\/\/ethernet.com.mx\/wp-content\/uploads\/2022\/01\/pexels-julia-m-cameron-4144174-1-200x300.jpg 200w\" sizes=\"auto, (max-width: 320px) 100vw, 320px\" \/><div class=\"wp-block-cover__inner-container is-layout-flow wp-block-cover-is-layout-flow\">\n<h3 class=\"has-text-color wp-block-heading\" id=\"15-computo-y-gadgets\" style=\"color:#ffffff\">15% Computo y Gadgets<\/h3>\n\n\n\n<p class=\"has-ast-global-color-5-color has-text-color\">Computadoras, Impresoras, software, accesorios.<\/p>\n\n\n\n<div class=\"wp-block-buttons is-layout-flex wp-block-buttons-is-layout-flex\">\n<div class=\"wp-block-button is-style-fill\"><a class=\"wp-block-button__link has-ast-global-color-3-color has-ast-global-color-5-background-color has-text-color has-background\" href=\"https:\/\/ethernet.com.mx\/?product_cat=men\">comprar<\/a><\/div>\n<\/div>\n<\/div><\/div>\n<\/div>\n\n\n\n<div class=\"wp-block-column is-vertically-aligned-center is-layout-flow wp-block-column-is-layout-flow\">\n<div class=\"wp-block-cover is-light\" style=\"min-height:400px;aspect-ratio:unset;\"><span aria-hidden=\"true\" class=\"has-background-dim-40 wp-block-cover__gradient-background has-background-dim\" style=\"background-color:#000000\"><\/span><img loading=\"lazy\" decoding=\"async\" width=\"1521\" height=\"974\" class=\"wp-block-cover__image-background wp-image-1444\" alt=\"\" src=\"http:\/\/ethernet.com.mx\/wp-content\/uploads\/2022\/01\/1628617364.png\" data-object-fit=\"cover\" srcset=\"https:\/\/ethernet.com.mx\/wp-content\/uploads\/2022\/01\/1628617364.png 1521w, https:\/\/ethernet.com.mx\/wp-content\/uploads\/2022\/01\/1628617364-300x192.png 300w, https:\/\/ethernet.com.mx\/wp-content\/uploads\/2022\/01\/1628617364-1024x656.png 1024w, https:\/\/ethernet.com.mx\/wp-content\/uploads\/2022\/01\/1628617364-768x492.png 768w, https:\/\/ethernet.com.mx\/wp-content\/uploads\/2022\/01\/1628617364-600x384.png 600w\" sizes=\"auto, (max-width: 1521px) 100vw, 1521px\" \/><div class=\"wp-block-cover__inner-container is-layout-flow wp-block-cover-is-layout-flow\">\n<h3 class=\"has-text-color wp-block-heading\" id=\"seguridad-electronica\" style=\"color:#ffffff\">Seguridad Electronica<\/h3>\n\n\n\n<p class=\"has-ast-global-color-4-color has-text-color\">C\u00e1maras, Control de Acceso, Alarmas, servicios.  <\/p>\n\n\n\n<div class=\"wp-block-buttons is-layout-flex wp-block-buttons-is-layout-flex\">\n<div class=\"wp-block-button is-style-fill\"><a class=\"wp-block-button__link has-ast-global-color-3-color has-ast-global-color-5-background-color has-text-color has-background\" href=\"https:\/\/ethernet.com.mx\/?product_cat=women\">comprar<\/a><\/div>\n<\/div>\n<\/div><\/div>\n<\/div>\n\n\n\n<div class=\"wp-block-column is-vertically-aligned-center is-layout-flow wp-block-column-is-layout-flow\">\n<div class=\"wp-block-cover is-light\" style=\"min-height:400px;aspect-ratio:unset;\"><span aria-hidden=\"true\" class=\"has-background-dim-40 wp-block-cover__gradient-background has-background-dim\" style=\"background-color:#000000\"><\/span><img loading=\"lazy\" decoding=\"async\" width=\"2560\" height=\"1707\" class=\"wp-block-cover__image-background wp-image-1445\" alt=\"\" src=\"http:\/\/ethernet.com.mx\/wp-content\/uploads\/2022\/01\/services-scaled.jpeg\" data-object-fit=\"cover\" srcset=\"https:\/\/ethernet.com.mx\/wp-content\/uploads\/2022\/01\/services-scaled.jpeg 2560w, https:\/\/ethernet.com.mx\/wp-content\/uploads\/2022\/01\/services-300x200.jpeg 300w, https:\/\/ethernet.com.mx\/wp-content\/uploads\/2022\/01\/services-1024x683.jpeg 1024w, https:\/\/ethernet.com.mx\/wp-content\/uploads\/2022\/01\/services-768x512.jpeg 768w, https:\/\/ethernet.com.mx\/wp-content\/uploads\/2022\/01\/services-1536x1024.jpeg 1536w, https:\/\/ethernet.com.mx\/wp-content\/uploads\/2022\/01\/services-2048x1365.jpeg 2048w, https:\/\/ethernet.com.mx\/wp-content\/uploads\/2022\/01\/services-600x400.jpeg 600w\" sizes=\"auto, (max-width: 2560px) 100vw, 2560px\" \/><div class=\"wp-block-cover__inner-container is-layout-flow wp-block-cover-is-layout-flow\">\n<h3 class=\"has-text-color wp-block-heading\" id=\"servicios\" style=\"color:#ffffff\">Servicios<\/h3>\n\n\n\n<p class=\"has-ast-global-color-5-color has-text-color\">Suministros, instalaci\u00f3n y configuraci\u00f3n.<\/p>\n\n\n\n<div class=\"wp-block-buttons is-layout-flex wp-block-buttons-is-layout-flex\">\n<div class=\"wp-block-button is-style-fill\"><a class=\"wp-block-button__link has-ast-global-color-3-color has-ast-global-color-5-background-color has-text-color has-background\" href=\"https:\/\/ethernet.com.mx\/?product_cat=accessories\">cotizar<\/a><\/div>\n<\/div>\n<\/div><\/div>\n<\/div>\n<\/div>\n<\/div>\n\n\n\n<div class=\"wp-block-group alignfull has-ast-global-color-5-background-color has-background is-layout-flow wp-block-group-is-layout-flow\">\n<h2 class=\"has-text-align-center wp-block-heading\" id=\"productos-destacados\">Productos Destacados<\/h2>\n\n\n\n<hr class=\"wp-block-separator aligncenter\"\/>\n\n\n<div class=\"woocommerce columns-4 \"><\/div>\n<\/div>\n\n\n\n<div class=\"wp-block-cover alignfull is-light has-parallax\" style=\"background-image:url(blob:http:\/\/ethernet.com.mx\/74c7d83d-5cde-469f-a0e6-c9baa0565c59);min-height:500px;aspect-ratio:unset;\"><span aria-hidden=\"true\" class=\"has-ast-global-color-1-background-color has-background-dim-30 wp-block-cover__gradient-background has-background-dim\"><\/span><div class=\"wp-block-cover__inner-container is-layout-flow wp-block-cover-is-layout-flow\">\n<div class=\"wp-block-columns are-vertically-aligned-center is-layout-flex wp-container-core-columns-is-layout-28f84493 wp-block-columns-is-layout-flex\">\n<div class=\"wp-block-column is-vertically-aligned-center is-layout-flow wp-block-column-is-layout-flow\">\n<h3 class=\"has-white-color has-text-color wp-block-heading\" id=\"la-tienda-mas-completa-de-computo-impresion-seguridad-y-servicios\">\u201cLa tienda mas completa de computo, impresion, seguridad y servicios.\u201d<\/h3>\n<\/div>\n\n\n\n<div class=\"wp-block-column is-vertically-aligned-center is-layout-flow wp-block-column-is-layout-flow\"><\/div>\n<\/div>\n<\/div><\/div>\n\n\n\n<div class=\"wp-block-group alignfull has-ast-global-color-5-background-color has-background is-layout-flow wp-block-group-is-layout-flow\">\n<div class=\"wp-block-columns is-layout-flex wp-container-core-columns-is-layout-28f84493 wp-block-columns-is-layout-flex\">\n<div class=\"wp-block-column is-layout-flow wp-block-column-is-layout-flow\">\n<div class=\"wp-block-image\"><figure class=\"aligncenter size-full\"><img loading=\"lazy\" decoding=\"async\" width=\"100\" height=\"100\" src=\"http:\/\/ethernet.com.mx\/wp-content\/uploads\/2022\/01\/100envios.png\" alt=\"\" class=\"wp-image-1448\"\/><\/figure><\/div>\n\n\n\n<h6 class=\"has-text-align-center wp-block-heading\" id=\"envios\">ENVIOS<\/h6>\n\n\n\n<p class=\"has-text-align-center\">Recibe productos en la comodidad de tu cada u oficina. Cotiza tu env\u00edo.<\/p>\n<\/div>\n\n\n\n<div class=\"wp-block-column is-layout-flow wp-block-column-is-layout-flow\">\n<div class=\"wp-block-image\"><figure class=\"aligncenter size-full\"><img loading=\"lazy\" decoding=\"async\" width=\"100\" height=\"100\" src=\"http:\/\/ethernet.com.mx\/wp-content\/uploads\/2022\/01\/100calid.png\" alt=\"\" class=\"wp-image-1449\"\/><\/figure><\/div>\n\n\n\n<h6 class=\"has-text-align-center wp-block-heading\" id=\"best-quality\">BEST QUALITY<\/h6>\n\n\n\n<p class=\"has-text-align-center\">Marcas lideres, productos de vanguardia de la mejor calidad.<\/p>\n<\/div>\n\n\n\n<div class=\"wp-block-column is-layout-flow wp-block-column-is-layout-flow\">\n<div class=\"wp-block-image\"><figure class=\"aligncenter size-full\"><img loading=\"lazy\" decoding=\"async\" width=\"100\" height=\"100\" src=\"http:\/\/ethernet.com.mx\/wp-content\/uploads\/2022\/01\/100descuento.png\" alt=\"\" class=\"wp-image-1450\"\/><\/figure><\/div>\n\n\n\n<h6 class=\"has-text-align-center wp-block-heading\" id=\"best-offers\">BEST OFFERS<\/h6>\n\n\n\n<p class=\"has-text-align-center\">Descuentos continuos en todas las l\u00edneas de productos.<\/p>\n<\/div>\n\n\n\n<div class=\"wp-block-column is-layout-flow wp-block-column-is-layout-flow\">\n<div class=\"wp-block-image\"><figure class=\"aligncenter size-full\"><img loading=\"lazy\" decoding=\"async\" width=\"100\" height=\"100\" src=\"http:\/\/ethernet.com.mx\/wp-content\/uploads\/2022\/01\/100pagos.png\" alt=\"\" class=\"wp-image-1452\"\/><\/figure><\/div>\n\n\n\n<h6 class=\"has-text-align-center wp-block-heading\" id=\"secure-payments\">SECURE PAYMENTS<\/h6>\n\n\n\n<p class=\"has-text-align-center\">M\u00faltiples opciones de pago, con tecnolog\u00eda para proteger tu compra.<\/p>\n<\/div>\n<\/div>\n<\/div>\n\n\n\n<p><\/p>\n","protected":false},"excerpt":{"rendered":"<p>Productos Destacados ENVIOS Recibe productos en la comodidad de tu cada u oficina. Cotiza tu env\u00edo. BEST QUALITY Marcas lideres, productos de vanguardia de la mejor calidad. BEST OFFERS Descuentos continuos en todas las l\u00edneas de productos. SECURE PAYMENTS M\u00faltiples opciones de pago, con tecnolog\u00eda para proteger tu compra.<\/p>\n","protected":false},"author":1,"featured_media":0,"parent":0,"menu_order":0,"comment_status":"closed","ping_status":"closed","template":"","meta":{"om_disable_all_campaigns":false,"_monsterinsights_skip_tracking":false,"_monsterinsights_sitenote_active":false,"_monsterinsights_sitenote_note":"","_monsterinsights_sitenote_category":0,"site-sidebar-layout":"no-sidebar","site-content-layout":"plain-container","ast-site-content-layout":"default","site-content-style":"default","site-sidebar-style":"default","ast-global-header-display":"","ast-banner-title-visibility":"","ast-main-header-display":"","ast-hfb-above-header-display":"","ast-hfb-below-header-display":"","ast-hfb-mobile-header-display":"","site-post-title":"disabled","ast-breadcrumbs-content":"","ast-featured-img":"","footer-sml-layout":"","ast-disable-related-posts":"","theme-transparent-header-meta":"enabled","adv-header-id-meta":"","stick-header-meta":"","header-above-stick-meta":"","header-main-stick-meta":"","header-below-stick-meta":"","astra-migrate-meta-layouts":"default","ast-page-background-enabled":"default","ast-page-background-meta":{"desktop":{"background-color":"","background-image":"","background-repeat":"repeat","background-position":"center center","background-size":"auto","background-attachment":"scroll","background-type":"","background-media":"","overlay-type":"","overlay-color":"","overlay-opacity":"","overlay-gradient":""},"tablet":{"background-color":"","background-image":"","background-repeat":"repeat","background-position":"center center","background-size":"auto","background-attachment":"scroll","background-type":"","background-media":"","overlay-type":"","overlay-color":"","overlay-opacity":"","overlay-gradient":""},"mobile":{"background-color":"","background-image":"","background-repeat":"repeat","background-position":"center center","background-size":"auto","background-attachment":"scroll","background-type":"","background-media":"","overlay-type":"","overlay-color":"","overlay-opacity":"","overlay-gradient":""}},"ast-content-background-meta":{"desktop":{"background-color":"var(--ast-global-color-5)","background-image":"","background-repeat":"repeat","background-position":"center center","background-size":"auto","background-attachment":"scroll","background-type":"","background-media":"","overlay-type":"","overlay-color":"","overlay-opacity":"","overlay-gradient":""},"tablet":{"background-color":"var(--ast-global-color-5)","background-image":"","background-repeat":"repeat","background-position":"center center","background-size":"auto","background-attachment":"scroll","background-type":"","background-media":"","overlay-type":"","overlay-color":"","overlay-opacity":"","overlay-gradient":""},"mobile":{"background-color":"var(--ast-global-color-5)","background-image":"","background-repeat":"repeat","background-position":"center center","background-size":"auto","background-attachment":"scroll","background-type":"","background-media":"","overlay-type":"","overlay-color":"","overlay-opacity":"","overlay-gradient":""}},"footnotes":""},"class_list":["post-61","page","type-page","status-publish","hentry"],"_links":{"self":[{"href":"https:\/\/ethernet.com.mx\/index.php?rest_route=\/wp\/v2\/pages\/61","targetHints":{"allow":["GET"]}}],"collection":[{"href":"https:\/\/ethernet.com.mx\/index.php?rest_route=\/wp\/v2\/pages"}],"about":[{"href":"https:\/\/ethernet.com.mx\/index.php?rest_route=\/wp\/v2\/types\/page"}],"author":[{"embeddable":true,"href":"https:\/\/ethernet.com.mx\/index.php?rest_route=\/wp\/v2\/users\/1"}],"replies":[{"embeddable":true,"href":"https:\/\/ethernet.com.mx\/index.php?rest_route=%2Fwp%2Fv2%2Fcomments&post=61"}],"version-history":[{"count":10,"href":"https:\/\/ethernet.com.mx\/index.php?rest_route=\/wp\/v2\/pages\/61\/revisions"}],"predecessor-version":[{"id":28363,"href":"https:\/\/ethernet.com.mx\/index.php?rest_route=\/wp\/v2\/pages\/61\/revisions\/28363"}],"wp:attachment":[{"href":"https:\/\/ethernet.com.mx\/index.php?rest_route=%2Fwp%2Fv2%2Fmedia&parent=61"}],"curies":[{"name":"wp","href":"https:\/\/api.w.org\/{rel}","templated":true}]}}